{"id":708,"date":"2024-11-11T20:44:15","date_gmt":"2024-11-11T19:44:15","guid":{"rendered":"https:\/\/www.anothertypeofmusic.com\/?page_id=708"},"modified":"2024-12-09T08:56:47","modified_gmt":"2024-12-09T07:56:47","slug":"sejours-musicaux-en-corse","status":"publish","type":"page","link":"https:\/\/www.anothertypeofmusic.com\/index.php\/sejours-musicaux-en-corse\/","title":{"rendered":"S\u00e9jours Musicaux en Corse"},"content":{"rendered":"\n<p><strong>Production &amp; H\u00e9bergement tout confort<\/strong><\/p>\n\n\n\n<p>Plongez dans la cr\u00e9ation musicale en Corse avec ATOM Studio, situ\u00e9 \u00e0 seulement 1 minute du terminal de l&rsquo;a\u00e9roport de Bastia Poretta. En collaboration avec un tour-op\u00e9rateur sp\u00e9cialis\u00e9, nous concevons des s\u00e9jours cl\u00e9 en main, incluant vols, logement, repas, activit\u00e9s, et location de voiture. Tout est pens\u00e9 pour que vous puissiez vous concentrer sur votre musique dans un cadre id\u00e9al.<\/p>\n\n\n\n<p>Ce que nous proposons :<\/p>\n\n\n\n<p><strong>Un studio de production haut de gamme<\/strong><\/p>\n\n\n\n<p>Profitez d&rsquo;\u00e9quipements professionnels dans un studio situ\u00e9 au c\u0153ur d&rsquo;un environnement pratique : \u00e0 1 minute de l\u2019a\u00e9roport, \u00e0 proximit\u00e9 imm\u00e9diate de services de location de voiture, et \u00e0 seulement 5 minutes des plages. Id\u00e9al pour vos sessions d&rsquo;enregistrement, r\u00e9sidences de cr\u00e9ation ou r\u00e9p\u00e9titions avant une tourn\u00e9e.<\/p>\n\n\n\n<p><strong>H\u00e9bergement tout confort<\/strong><\/p>\n\n\n\n<p>Un h\u00f4tel situ\u00e9 \u00e0 seulement 2 minutes du studio offre des formules adapt\u00e9es \u00e0 vos besoins : nuit\u00e9e simple, demi-pension ou pension compl\u00e8te. Sa proximit\u00e9 et son cadre confortable en font une option id\u00e9ale pour les artistes et groupes en r\u00e9sidence, souhaitant allier repos et performance artistique.<\/p>\n\n\n\n<p><strong>Des activit\u00e9s et de la d\u00e9tente<\/strong><\/p>\n\n\n\n<p>Profitez de la plage \u00e0 seulement 5 minutes pour vous ressourcer entre deux sessions de studio. Notre collaboration avec le tour-op\u00e9rateur permet \u00e9galement d\u2019organiser des activit\u00e9s personnalis\u00e9es pour d\u00e9couvrir les tr\u00e9sors de la Corse lors de votre s\u00e9jour.<\/p>\n\n\n\n<p><strong>Un s\u00e9jour musical sur-mesure<\/strong><\/p>\n\n\n\n<p>Tout est pris en charge : billets d\u2019avion, transfert, h\u00e9bergement, repas, et activit\u00e9s. De plus, nous mettons en avant votre passage en Corse via nos r\u00e9seaux pour maximiser votre visibilit\u00e9 dans un cadre unique.<\/p>\n\n\n\n<p>R\u00e9servez d\u00e8s maintenant votre s\u00e9jour musical en Corse et laissez-nous nous occuper du reste !<\/p>\n","protected":false},"excerpt":{"rendered":"<p>Production &amp; H\u00e9bergement tout confort Plongez dans la cr\u00e9ation musicale en Corse avec ATOM Studio, situ\u00e9 \u00e0 seulement 1 minute du terminal de l&rsquo;a\u00e9roport de Bastia Poretta. En collaboration avec un tour-op\u00e9rateur sp\u00e9cialis\u00e9, nous concevons des s\u00e9jours cl\u00e9 en main, incluant vols, logement, repas, activit\u00e9s, et location de voiture. Tout est pens\u00e9 pour que vous&hellip;&nbsp;<a href=\"https:\/\/www.anothertypeofmusic.com\/index.php\/sejours-musicaux-en-corse\/\" rel=\"bookmark\">Lire la suite &raquo;<span class=\"screen-reader-text\">S\u00e9jours Musicaux en Corse<\/span><\/a><\/p>\n","protected":false},"author":1,"featured_media":0,"parent":0,"menu_order":0,"comment_status":"closed","ping_status":"closed","template":"","meta":{"neve_meta_sidebar":"","neve_meta_container":"","neve_meta_enable_content_width":"","neve_meta_content_width":0,"neve_meta_title_alignment":"","neve_meta_author_avatar":"","neve_post_elements_order":"","neve_meta_disable_header":"","neve_meta_disable_footer":"","neve_meta_disable_title":"","_themeisle_gutenberg_block_has_review":false,"footnotes":""},"class_list":["post-708","page","type-page","status-publish","hentry"],"_links":{"self":[{"href":"https:\/\/www.anothertypeofmusic.com\/index.php\/wp-json\/wp\/v2\/pages\/708","targetHints":{"allow":["GET"]}}],"collection":[{"href":"https:\/\/www.anothertypeofmusic.com\/index.php\/wp-json\/wp\/v2\/pages"}],"about":[{"href":"https:\/\/www.anothertypeofmusic.com\/index.php\/wp-json\/wp\/v2\/types\/page"}],"author":[{"embeddable":true,"href":"https:\/\/www.anothertypeofmusic.com\/index.php\/wp-json\/wp\/v2\/users\/1"}],"replies":[{"embeddable":true,"href":"https:\/\/www.anothertypeofmusic.com\/index.php\/wp-json\/wp\/v2\/comments?post=708"}],"version-history":[{"count":3,"href":"https:\/\/www.anothertypeofmusic.com\/index.php\/wp-json\/wp\/v2\/pages\/708\/revisions"}],"predecessor-version":[{"id":759,"href":"https:\/\/www.anothertypeofmusic.com\/index.php\/wp-json\/wp\/v2\/pages\/708\/revisions\/759"}],"wp:attachment":[{"href":"https:\/\/www.anothertypeofmusic.com\/index.php\/wp-json\/wp\/v2\/media?parent=708"}],"curies":[{"name":"wp","href":"https:\/\/api.w.org\/{rel}","templated":true}]}}