{"id":528,"date":"2024-06-03T22:54:17","date_gmt":"2024-06-03T20:54:17","guid":{"rendered":"https:\/\/www.anothertypeofmusic.com\/?page_id=528"},"modified":"2025-05-05T13:00:55","modified_gmt":"2025-05-05T11:00:55","slug":"studio-b-corte","status":"publish","type":"page","link":"https:\/\/www.anothertypeofmusic.com\/index.php\/studio-b-corte\/","title":{"rendered":"Studio B &#8211; Mobile"},"content":{"rendered":"\n<h3 class=\"wp-block-heading\"><strong>Studio mobile \u2013 Enregistrement professionnel hors les murs<\/strong><\/h3>\n\n\n\n<p>ATOM Studio adapte son offre et propose d\u00e9sormais une\u00a0<strong>solution mobile d\u2019enregistrement professionnel<\/strong>.<\/p>\n\n\n\n<p>Cette formule s\u2019adresse aux artistes, groupes, institutions et structures souhaitant b\u00e9n\u00e9ficier de\u00a0<strong>prestations de qualit\u00e9 studio<\/strong>,\u00a0<strong>dans un lieu atypique<\/strong>, ou\u00a0<strong>en situation r\u00e9elle<\/strong>\u00a0:<br>\u2192 Captation live en concert ou en r\u00e9sidence<br>\u2192 Enregistrement sur site (lieu patrimonial, salle de spectacle, \u00e9glise, chapelle, etc.)<br>\u2192 Cr\u00e9ation sonore ou musicale dans des espaces choisis pour leur acoustique ou leur symbolique<\/p>\n\n\n\n<hr class=\"wp-block-separator has-alpha-channel-opacity\"\/>\n\n\n\n<h3 class=\"wp-block-heading\">Ce que nous apportons :<\/h3>\n\n\n\n<ul class=\"wp-block-list\">\n<li><strong>Un studio qui vient \u00e0 vous<\/strong>\u00a0: microphonie haut de gamme, enregistrement multipiste, interface num\u00e9rique Soundcraft Ui24R, back-up s\u00e9curis\u00e9<\/li>\n\n\n\n<li><strong>Une expertise mobile<\/strong>\u00a0: ing\u00e9nierie du son, direction artistique, gestion des contraintes techniques et acoustiques<\/li>\n\n\n\n<li><strong>Un accompagnement humain<\/strong>\u00a0: adaptation au lieu, \u00e0 l\u2019\u00e9nergie du moment et \u00e0 la singularit\u00e9 du projet<\/li>\n<\/ul>\n\n\n\n<hr class=\"wp-block-separator has-alpha-channel-opacity\"\/>\n\n\n\n<h3 class=\"wp-block-heading\">Pour quels projets ?<\/h3>\n\n\n\n<ul class=\"wp-block-list\">\n<li>Captations live audio seules ou en compl\u00e9ment vid\u00e9o<\/li>\n\n\n\n<li>Albums ou EPs enregistr\u00e9s dans un lieu porteur de sens<\/li>\n\n\n\n<li>Enregistrements immersifs pour podcast, documentaire, cr\u00e9ation sonore ou artistique<\/li>\n\n\n\n<li>R\u00e9sidences de cr\u00e9ation avec enregistrement final<\/li>\n<\/ul>\n\n\n\n<hr class=\"wp-block-separator has-alpha-channel-opacity\"\/>\n\n\n\n<blockquote class=\"wp-block-quote is-layout-flow wp-block-quote-is-layout-flow\">\n<p>Parce que certains projets m\u00e9ritent de na\u00eetre&nbsp;<strong>hors des murs<\/strong>,<br>ATOM Studio vous suit&nbsp;<strong>l\u00e0 o\u00f9 la musique se passe vraiment.<\/strong><\/p>\n<\/blockquote>\n\n\n\n<p>\ud83d\udce9 Contactez-nous pour discuter de votre id\u00e9e et recevoir une proposition sur mesure.<\/p>\n\n\n\n<p><\/p>\n\n\n\n<p><\/p>\n\n\n\n<ul class=\"wp-block-list\">\n<li><\/li>\n<\/ul>\n","protected":false},"excerpt":{"rendered":"<p>Studio mobile \u2013 Enregistrement professionnel hors les murs ATOM Studio adapte son offre et propose d\u00e9sormais une\u00a0solution mobile d\u2019enregistrement professionnel. Cette formule s\u2019adresse aux artistes, groupes, institutions et structures souhaitant b\u00e9n\u00e9ficier de\u00a0prestations de qualit\u00e9 studio,\u00a0dans un lieu atypique, ou\u00a0en situation r\u00e9elle\u00a0:\u2192 Captation live en concert ou en r\u00e9sidence\u2192 Enregistrement sur site (lieu patrimonial, salle de&hellip;&nbsp;<a href=\"https:\/\/www.anothertypeofmusic.com\/index.php\/studio-b-corte\/\" rel=\"bookmark\">Lire la suite &raquo;<span class=\"screen-reader-text\">Studio B &#8211; Mobile<\/span><\/a><\/p>\n","protected":false},"author":1,"featured_media":0,"parent":0,"menu_order":0,"comment_status":"closed","ping_status":"closed","template":"","meta":{"neve_meta_sidebar":"","neve_meta_container":"","neve_meta_enable_content_width":"","neve_meta_content_width":0,"neve_meta_title_alignment":"","neve_meta_author_avatar":"","neve_post_elements_order":"","neve_meta_disable_header":"","neve_meta_disable_footer":"","neve_meta_disable_title":"","_themeisle_gutenberg_block_has_review":false,"footnotes":""},"class_list":["post-528","page","type-page","status-publish","hentry"],"_links":{"self":[{"href":"https:\/\/www.anothertypeofmusic.com\/index.php\/wp-json\/wp\/v2\/pages\/528","targetHints":{"allow":["GET"]}}],"collection":[{"href":"https:\/\/www.anothertypeofmusic.com\/index.php\/wp-json\/wp\/v2\/pages"}],"about":[{"href":"https:\/\/www.anothertypeofmusic.com\/index.php\/wp-json\/wp\/v2\/types\/page"}],"author":[{"embeddable":true,"href":"https:\/\/www.anothertypeofmusic.com\/index.php\/wp-json\/wp\/v2\/users\/1"}],"replies":[{"embeddable":true,"href":"https:\/\/www.anothertypeofmusic.com\/index.php\/wp-json\/wp\/v2\/comments?post=528"}],"version-history":[{"count":2,"href":"https:\/\/www.anothertypeofmusic.com\/index.php\/wp-json\/wp\/v2\/pages\/528\/revisions"}],"predecessor-version":[{"id":792,"href":"https:\/\/www.anothertypeofmusic.com\/index.php\/wp-json\/wp\/v2\/pages\/528\/revisions\/792"}],"wp:attachment":[{"href":"https:\/\/www.anothertypeofmusic.com\/index.php\/wp-json\/wp\/v2\/media?parent=528"}],"curies":[{"name":"wp","href":"https:\/\/api.w.org\/{rel}","templated":true}]}}