{"id":511,"date":"2024-06-03T22:28:41","date_gmt":"2024-06-03T20:28:41","guid":{"rendered":"https:\/\/www.anothertypeofmusic.com\/?page_id=511"},"modified":"2026-02-02T20:54:57","modified_gmt":"2026-02-02T19:54:57","slug":"studio-a-lucciana","status":"publish","type":"page","link":"https:\/\/www.anothertypeofmusic.com\/index.php\/studio-a-lucciana\/","title":{"rendered":"Studio A &#8211; Lucciana"},"content":{"rendered":"\n<ul class=\"wp-block-list\">\n<li>Situ\u00e9 \u00e0 Lucciana, \u00e0 quelques centaines de m\u00e8tres de l\u2019a\u00e9roport de Bastia-Poretta<\/li>\n\n\n\n<li>Enregistrement 17 pistes simultan\u00e9es<\/li>\n\n\n\n<li>Control Room : 15m2 <\/li>\n\n\n\n<li>Live Room A \/ Studio de r\u00e9sidences et r\u00e9p\u00e9titions \/ Writing room : 45m2<\/li>\n\n\n\n<li>Live Room B : 18m2<\/li>\n\n\n\n<li>Coin d\u00e9tente\/caf\u00e9<\/li>\n\n\n\n<li>Enti\u00e8rement climatis\u00e9<\/li>\n\n\n\n<li>Sanitaires \u00e0 disposition<\/li>\n\n\n\n<li>Stationnement devant le studio<\/li>\n<\/ul>\n\n\n\n<div class=\"wp-block-group\"><div class=\"wp-block-group__inner-container is-layout-constrained wp-block-group-is-layout-constrained\">\n<figure class=\"wp-block-gallery has-nested-images columns-default is-cropped wp-block-gallery-1 is-layout-flex wp-block-gallery-is-layout-flex\">\n<figure class=\"wp-block-image size-full\"><img decoding=\"async\" data-id=\"877\" src=\"https:\/\/www.anothertypeofmusic.com\/wp-content\/uploads\/2026\/01\/IMG_3789.heic\" alt=\"\" class=\"wp-image-877\"\/><\/figure>\n\n\n\n<figure class=\"wp-block-image size-full\"><img decoding=\"async\" data-id=\"879\" src=\"https:\/\/www.anothertypeofmusic.com\/wp-content\/uploads\/2026\/01\/IMG_3773.heic\" alt=\"\" class=\"wp-image-879\"\/><\/figure>\n\n\n\n<figure class=\"wp-block-image size-full\"><img decoding=\"async\" data-id=\"880\" src=\"https:\/\/www.anothertypeofmusic.com\/wp-content\/uploads\/2026\/01\/IMG_3754.heic\" alt=\"\" class=\"wp-image-880\"\/><\/figure>\n\n\n\n<figure class=\"wp-block-image size-full\"><img decoding=\"async\" data-id=\"881\" src=\"https:\/\/www.anothertypeofmusic.com\/wp-content\/uploads\/2026\/01\/IMG_3747.heic\" alt=\"\" class=\"wp-image-881\"\/><\/figure>\n\n\n\n<figure class=\"wp-block-image size-full\"><img decoding=\"async\" data-id=\"882\" src=\"https:\/\/www.anothertypeofmusic.com\/wp-content\/uploads\/2026\/01\/IMG_3796.heic\" alt=\"\" class=\"wp-image-882\"\/><\/figure>\n\n\n\n<figure class=\"wp-block-image size-full\"><img decoding=\"async\" data-id=\"883\" src=\"https:\/\/www.anothertypeofmusic.com\/wp-content\/uploads\/2026\/01\/IMG_3795.heic\" alt=\"\" class=\"wp-image-883\"\/><\/figure>\n<\/figure>\n<\/div><\/div>\n\n\n\n<h3 class=\"wp-block-heading\">MATERIEL<\/h3>\n\n\n\n<p><strong>DAWs<\/strong><\/p>\n\n\n\n<ul class=\"wp-block-list\">\n<li><strong>AVID<\/strong> Pro Tools 2025<\/li>\n\n\n\n<li><strong>APPLE<\/strong> Logic Pro<\/li>\n\n\n\n<li><strong>APPLE<\/strong> GarageBand<\/li>\n<\/ul>\n\n\n\n<p><strong>PLUGINS<\/strong><\/p>\n\n\n\n<ul class=\"wp-block-list\">\n<li>UAD Spark Plug\u2011In Subscription&nbsp;<\/li>\n\n\n\n<li>SLATE DIGITAL Everything bundle pro<\/li>\n\n\n\n<li>SSL Complete bundle<\/li>\n\n\n\n<li>WAVES Complete bundle<\/li>\n\n\n\n<li>SLATE DIGITAL Trigger 2<\/li>\n\n\n\n<li>MELODYNE Studio<\/li>\n\n\n\n<li>iZOTOPE Everything bundle <\/li>\n\n\n\n<li>NATIVE INSTRUMENTS Komplete 14 collector<\/li>\n\n\n\n<li>UAD 1176 Classic Limiter Collection \u2013 1176LN Legacy Classic Limiting Amplifier \u2013 1176SE Legacy Classic Limiting AmplifierFairchild \u2013 Fairchild Tube Limiter Collection \u2013 Marshall Plexi \u2013 Precision Enhancer Hz Precision Mix Rack Collection \u2013 Pultec EQP-1A Legacy \u2013 Pultec Pro EQ Legacy \u2013 Raw \u2013 RealVerb-Pro \u2013 Softube Amp Room Half-Stack \u2013 Softube Bass Amp Room 8\u00d710 \u2013 Studer\u00ae A800 Multichannel Tape Recorder \u2013 Teletronix\u00ae LA-2A Legacy Classic Leveling Amplifier \u2013 Teletronix\u00ae LA-2A Leveler Collection \u2013 UA 610 Tube Preamp &amp; EQ Collection \u2013 UA 610-B Tube Preamp and EQ Plug-In for UAD-2<\/li>\n\n\n\n<li>GUITAR PRO 6 et 7<\/li>\n\n\n\n<li>Licence HOFA CD-Burn &amp; DDP<\/li>\n<\/ul>\n\n\n\n<p><strong>STATION DE TRAVAIL<\/strong><\/p>\n\n\n\n<p>APPLE MacBook Pro 2,3 GHz Intel Core i9 8&nbsp;c\u0153urs 64 Go&nbsp;de RAM SSD<\/p>\n\n\n\n<p>APPLE MacBook Pro M3 Max 48 Go RAM SSD<\/p>\n\n\n\n<p><strong>INTERFACES<\/strong><\/p>\n\n\n\n<ul class=\"wp-block-list\">\n<li>UNIVERSAL AUDIO APOLLO 8 DUO<\/li>\n\n\n\n<li>UNIVERSAL AUDIO APOLLO TWIN DUO<\/li>\n\n\n\n<li>UNIVERSAL AUDIO APOLLO TWIN Solo<\/li>\n\n\n\n<li>SOUNDCRAFT UI24R<\/li>\n\n\n\n<li>FOCUSRITE Scarlett 4i4<\/li>\n<\/ul>\n\n\n\n<p><strong>HARDWARE<\/strong><\/p>\n\n\n\n<ul class=\"wp-block-list\">\n<li>NEVE 1073DPX<\/li>\n\n\n\n<li><strong>Empirical Labs<\/strong>&nbsp;Distressor EL8-X Mono x2<\/li>\n\n\n\n<li>GOLDEN AGE PREMIER PRE-73 (Neve 1073)<\/li>\n\n\n\n<li>GOLDEN AGE PROJECT COMP-3A (LA-3A)<\/li>\n\n\n\n<li>MIDAS XL 48 \u2013 8 pr\u00e9amplis<\/li>\n<\/ul>\n\n\n\n<p><strong>MONITORING<\/strong><\/p>\n\n\n\n<ul class=\"wp-block-list\">\n<li>FOCAL TRIO ST6<\/li>\n\n\n\n<li>DYNAUDIO Acoustics BM6a x2<\/li>\n\n\n\n<li>GENELEC 8030a x2<\/li>\n\n\n\n<li>JBL 4311wx x2 (en cours de restauration)<\/li>\n\n\n\n<li>SONY MDR7506 x3<\/li>\n\n\n\n<li>AKG K-72 x2<\/li>\n<\/ul>\n\n\n\n<p><strong>MICROPHONES<\/strong><\/p>\n\n\n\n<ul class=\"wp-block-list\">\n<li>GOLDEN AGE PREMIER GA-47 (U-47 style)<\/li>\n\n\n\n<li>GRIFFON Microphones GMT-12 (C-12 style)<\/li>\n\n\n\n<li>BEYERDYNAMICS M201 TG<\/li>\n\n\n\n<li>AEA R84<\/li>\n\n\n\n<li>SENNHEISER MD 421 x4<\/li>\n\n\n\n<li>AUDIX D2 x3<\/li>\n\n\n\n<li>AUDIX D4<\/li>\n\n\n\n<li>AUDIX D6 x2<\/li>\n\n\n\n<li>AUDIX i5<\/li>\n\n\n\n<li>AUDIX ADX51 x2<\/li>\n\n\n\n<li>OKTAVA MK-012 x2<\/li>\n\n\n\n<li>SHURE SM 58 x2<\/li>\n\n\n\n<li>SHURE SM 57 x3<\/li>\n\n\n\n<li>MicroRocco RM-1<\/li>\n\n\n\n<li>Rode NT1a x2<\/li>\n<\/ul>\n\n\n\n<p><strong>CLAVIERS<\/strong><\/p>\n\n\n\n<ul class=\"wp-block-list\">\n<li>NOVATION LaunchKey Mini<\/li>\n<\/ul>\n\n\n\n<p><\/p>\n\n\n\n<p><strong>GUITARES<\/strong><\/p>\n\n\n\n<ul class=\"wp-block-list\">\n<li>CETERA Ugo Casalonga &#8211; Culomba 5 coeurs<\/li>\n\n\n\n<li>MARTIN 000E Retro Plus<\/li>\n\n\n\n<li>MARTIN D-X2E 12-String Rosewood<\/li>\n\n\n\n<li>MARTIN &amp; CO DSR01<\/li>\n\n\n\n<li>TAKAMINE<b>&nbsp;<\/b>GD30CE-NAT<\/li>\n\n\n\n<li>IBANEZ PF12MHCE<\/li>\n\n\n\n<li>IBANEZ 12 cordes&nbsp;PF1512<\/li>\n\n\n\n<li>EPIPHONE Lespaul Standard micros Di Marzio<\/li>\n\n\n\n<li>FENDER Stratocaster MIM<\/li>\n<\/ul>\n\n\n\n<p><strong>AMPLIS \/ FX<\/strong><\/p>\n\n\n\n<ul class=\"wp-block-list\">\n<li>FENDER MUSTANG III<\/li>\n\n\n\n<li>AMPEG <\/li>\n\n\n\n<li>GALLIEN KRUEGER 700RB-II 450-Watt Biamp&nbsp;+ 4&#215;12<\/li>\n<\/ul>\n\n\n\n<p><strong>BASSES<\/strong><\/p>\n\n\n\n<ul class=\"wp-block-list\">\n<li>HB PJ-5 HTR Deluxe Series<\/li>\n<\/ul>\n\n\n\n<p><strong>BATTERIES&nbsp;<\/strong><\/p>\n\n\n\n<ul class=\"wp-block-list\">\n<li>SONOR SQ2 (maple medium \u2013 12\/16\/18\/24)<\/li>\n\n\n\n<li>SONOR AQ2 (maple \u2013 8\/10\/12\/14\/16\/22 14\u00d76<\/li>\n\n\n\n<li>SONOR FORCE 2000 (12\/13\/14\/16\/22 14\u00d76)<\/li>\n\n\n\n<li>SONOR PHONIC PLUS (h\u00eatre \u2013 10\u00d710\/12\u00d712\/13\u00d713\/14\u00d714\/16\u00d718\/22\u00d718)<\/li>\n\n\n\n<li>SONOR SWINGER (12\/16\/20 en cours de restauration)<\/li>\n\n\n\n<li>LUDWIG SUPRAPHONIC LM402 14\u00d76,5<\/li>\n\n\n\n<li>CRASH DRUM CUSTOM 13\u00d76 H\u00eatre\/bouleau (inspiration mod\u00e8le Benny Greb)<\/li>\n\n\n\n<li>CYMBALES ARBOREA ( B20 Martel\u00e9 \u00e0 la main \u2013 kits tr\u00e8s complets)<\/li>\n\n\n\n<li>CYMBALES SABIAN AA (HH 14 \u2013 Thin Crash 15 \u2013 Thin Crash 18 &#8211; Ride 21)<\/li>\n\n\n\n<li>Nombreux accessoires : p\u00e9dales de grosse-caisse simples et doubles, percussions, etc<\/li>\n<\/ul>\n\n\n\n<p>Du mat\u00e9riel plus sp\u00e9cifique pourra \u00e9ventuellement \u00eatre mis \u00e0 disposition avec un suppl\u00e9ment (pr\u00e9venir \u00e0 l\u2019avance).<\/p>\n","protected":false},"excerpt":{"rendered":"<p>MATERIEL DAWs PLUGINS STATION DE TRAVAIL APPLE MacBook Pro 2,3 GHz Intel Core i9 8&nbsp;c\u0153urs 64 Go&nbsp;de RAM SSD APPLE MacBook Pro M3 Max 48 Go RAM SSD INTERFACES HARDWARE MONITORING MICROPHONES CLAVIERS GUITARES AMPLIS \/ FX BASSES BATTERIES&nbsp; Du mat\u00e9riel plus sp\u00e9cifique pourra \u00e9ventuellement \u00eatre mis \u00e0 disposition avec un suppl\u00e9ment (pr\u00e9venir \u00e0 l\u2019avance).<\/p>\n","protected":false},"author":1,"featured_media":0,"parent":0,"menu_order":0,"comment_status":"closed","ping_status":"closed","template":"","meta":{"neve_meta_sidebar":"","neve_meta_container":"","neve_meta_enable_content_width":"","neve_meta_content_width":0,"neve_meta_title_alignment":"","neve_meta_author_avatar":"","neve_post_elements_order":"","neve_meta_disable_header":"","neve_meta_disable_footer":"","neve_meta_disable_title":"","_themeisle_gutenberg_block_has_review":false,"footnotes":""},"class_list":["post-511","page","type-page","status-publish","hentry"],"_links":{"self":[{"href":"https:\/\/www.anothertypeofmusic.com\/index.php\/wp-json\/wp\/v2\/pages\/511","targetHints":{"allow":["GET"]}}],"collection":[{"href":"https:\/\/www.anothertypeofmusic.com\/index.php\/wp-json\/wp\/v2\/pages"}],"about":[{"href":"https:\/\/www.anothertypeofmusic.com\/index.php\/wp-json\/wp\/v2\/types\/page"}],"author":[{"embeddable":true,"href":"https:\/\/www.anothertypeofmusic.com\/index.php\/wp-json\/wp\/v2\/users\/1"}],"replies":[{"embeddable":true,"href":"https:\/\/www.anothertypeofmusic.com\/index.php\/wp-json\/wp\/v2\/comments?post=511"}],"version-history":[{"count":9,"href":"https:\/\/www.anothertypeofmusic.com\/index.php\/wp-json\/wp\/v2\/pages\/511\/revisions"}],"predecessor-version":[{"id":895,"href":"https:\/\/www.anothertypeofmusic.com\/index.php\/wp-json\/wp\/v2\/pages\/511\/revisions\/895"}],"wp:attachment":[{"href":"https:\/\/www.anothertypeofmusic.com\/index.php\/wp-json\/wp\/v2\/media?parent=511"}],"curies":[{"name":"wp","href":"https:\/\/api.w.org\/{rel}","templated":true}]}}